{"id":6634,"date":"2025-11-01T23:42:05","date_gmt":"2025-11-01T22:42:05","guid":{"rendered":"https:\/\/towersevernaveza.sk\/?page_id=6634"},"modified":"2025-12-09T22:42:26","modified_gmt":"2025-12-09T21:42:26","slug":"cookies","status":"publish","type":"page","link":"https:\/\/towersevernaveza.sk\/en\/cookies\/","title":{"rendered":"Cookies"},"content":{"rendered":"<div data-elementor-type=\"wp-page\" data-elementor-id=\"6634\" class=\"elementor elementor-6634\">\n\t\t\t\t<div class=\"elementor-element elementor-element-c197d18 e-flex e-con-boxed e-con e-parent\" data-id=\"c197d18\" data-element_type=\"container\" data-e-type=\"container\">\n\t\t\t\t\t<div class=\"e-con-inner\">\n\t\t\t\t<div class=\"elementor-element elementor-element-6972673 elementor-widget elementor-widget-html\" data-id=\"6972673\" data-element_type=\"widget\" data-e-type=\"widget\" data-widget_type=\"html.default\">\n\t\t\t\t\t<style>\n  a.cky-banner-element {\n    padding: 8px 30px;\n    background: #f8f9fa;\n    color: #858a8f;\n    border: 1px solid #dee2e6;\n    box-sizing: border-box;\n    border-radius: 2px;\n    cursor: pointer\n  }\n<\/style>\n<h1 class=\"cookie-policy-h1\">Cookie Settings Management<\/h1>\n<div class=\"cookie-policy-date-container\">\n    <p>\n        Valid from: 6.12. 2025<br>\n        Last updated: 6.12. 2025\n    <\/p>\n<\/div><h2>What are cookies?<\/h2>\n<div class=\"cookie-policy-p\">\n  <p> These Cookie Policy guidelines explain what cookies are and how we use them, what types of cookies we use, i.e. what information we collect using cookies and how that information is used, and how to manage your cookie settings.<\/p>\n  <p>S\u00fabory cookie s\u00fa mal\u00e9 textov\u00e9 s\u00fabory, ktor\u00e9 sa pou\u017e\u00edvaj\u00fa na ukladanie mal\u00fdch inform\u00e1ci\u00ed. Ukladaj\u00fa sa do v\u00e1\u0161ho zariadenia pri na\u010d\u00edtan\u00ed webovej str\u00e1nky v prehliada\u010di. Tieto s\u00fabory cookie n\u00e1m pom\u00e1haj\u00fa zabezpe\u010di\u0165 spr\u00e1vne fungovanie webovej lokality, zv\u00fd\u0161i\u0165 jej bezpe\u010dnos\u0165, poskytn\u00fa\u0165 pou\u017e\u00edvate\u013eom lep\u0161\u00ed z\u00e1\u017eitok a pochopi\u0165, ako webov\u00e1 lokalita funguje, a analyzova\u0165, \u010do funguje a kde je potrebn\u00e9 zlep\u0161enie.<\/p>\n<\/div><h2>How do we use cookies?<\/h2>\n<div class=\"cookie-policy-p\">\n  <p>Like most online services, our website uses both first-party and third-party cookies for several purposes. First-party cookies are mostly necessary for the proper functioning of the website and do not collect any of your personal data.<\/p>\n  <p>Third-party cookies used on our website are primarily for understanding how the site functions, how you interact with it, maintaining the security of our services, delivering ads that are relevant to you, and overall providing you with a better user experience while helping to speed up your future interactions with our website.<\/p>\n<\/div>&nbsp;<h2>Types of Cookies We Use<\/h2>\n<div class=\"cky-audit-table-element\"><\/div>&nbsp;<h2 style=\"margin-bottom: 20px\">Cookie Settings Management<\/h2><a class=\"cky-banner-element\">Cookie Settings<\/a><br><br>\n<div>\n  <p>You can change your cookie settings at any time by clicking the button above. This allows you to revisit the cookie consent banner to update your preferences or withdraw your consent immediately.<\/p>\n  <p>Additionally, different browsers provide various ways to block and delete cookies used by websites. You can adjust your browser settings to block or delete cookies. Below are links to support documents on how to manage and remove cookies in major web browsers.<\/p>\n  <p>Chrome: <a href=\"https:\/\/support.google.com\/accounts\/answer\/32050\" rel=\"noopener noreferrer\" target=\"_blank\">https:\/\/support.google.com\/accounts\/answer\/32050<\/a><\/p>\n  <p>Safari: <a href=\"https:\/\/support.apple.com\/en-in\/guide\/safari\/sfri11471\/mac\" rel=\"noopener noreferrer\" target=\"_blank\">https:\/\/support.apple.com\/en-in\/guide\/safari\/sfri11471\/mac<\/a><\/p>\n  <p>Firefox: <a href=\"https:\/\/support.mozilla.org\/en-US\/kb\/clear-cookies-and-site-data-firefox?redirectslug=delete-cookies-remove-info-websites-stored&amp;redirectlocale=en-US\" rel=\"noopener noreferrer\" target=\"_blank\">https:\/\/support.mozilla.org\/en-US\/kb\/clear-cookies-and-site-data-firefox?redirectslug=delete-cookies-remove-info-websites-stored&amp;redirectlocale=en-US<\/a><\/p>\n  <p>Internet Explorer: <a href=\"https:\/\/support.microsoft.com\/en-us\/topic\/how-to-delete-cookie-files-in-internet-explorer-bca9446f-d873-78de-77ba-d42645fa52fc\" rel=\"noopener noreferrer\" target=\"_blank\">https:\/\/support.microsoft.com\/en-us\/topic\/how-to-delete-cookie-files-in-internet-explorer-bca9446f-d873-78de-77ba-d42645fa52fc<\/a><\/p>\n  <p>If you are using a different web browser, please refer to your browser\u2019s official documentation.<\/p>\n<\/div><p class=\"cookie-policy-p\">The Cookie Policy was generated with <a target=\"_blank\" rel=\"noopener noreferrer\" href=\"https:\/\/www.cookieyes.com\/?utm_source=CP&utm_medium=footer&utm_campaign=UW\">CookieYes - Cookie Policy Generator<\/a><\/p>\t\t\t\t<\/div>\n\t\t\t\t\t<\/div>\n\t\t\t\t<\/div>\n\t\t\t\t<\/div>","protected":false},"excerpt":{"rendered":"<p>Spr\u00e1va nastaven\u00ed s\u00faborov cookie Plat\u00ed od: 6.12. 2025 Naposledy zmenen\u00e9: 6.12. 2025 \u010co s\u00fa to s\u00fabory cookie? Tieto z\u00e1sady pou\u017e\u00edvania s\u00faborov cookie vysvet\u013euj\u00fa, \u010do s\u00fa s\u00fabory cookie a ako ich pou\u017e\u00edvame, ak\u00e9 typy s\u00faborov cookie pou\u017e\u00edvame, t. j. ak\u00e9 inform\u00e1cie zhroma\u017e\u010fujeme pomocou s\u00faborov cookie a ako sa tieto inform\u00e1cie pou\u017e\u00edvaj\u00fa, a ako spravova\u0165 nastavenia s\u00faborov &#8230;<\/p>","protected":false},"author":1,"featured_media":0,"parent":0,"menu_order":0,"comment_status":"closed","ping_status":"closed","template":"template-fullwidth.php","meta":{"patiotime_single_page_hide_site_header":"","patiotime_single_page_site_header_source":"","patiotime_single_page_custom_site_header":"0","patiotime_single_page_custom_sticky_site_header":"0","patiotime_single_page_custom_page_title_margin_top_source":"","patiotime_single_page_custom_page_title_desktop_margin_top":"","patiotime_single_page_custom_page_title_tablet_margin_top":"","patiotime_single_page_custom_page_title_mobile_margin_top":"","patiotime_single_page_hide_page_title":"","patiotime_single_page_header_section_size":"","patiotime_single_page_header_background_color":"","patiotime_single_page_header_background_position_x":"center","patiotime_single_page_header_background_position_y":"center","patiotime_single_page_header_background_size":"cover","patiotime_single_page_header_background_repeat":"off","patiotime_single_page_header_background_scroll":"on","patiotime_single_page_header_text_color":"","patiotime_single_page_header_show_breadcrumb":"","patiotime_single_page_site_footer_hide_main":"","patiotime_single_custom_site_footer_main_source":"","patiotime_single_custom_site_footer_main":"0","patiotime_single_page_site_footer_hide_above":"","patiotime_single_custom_site_footer_above_source":"","patiotime_single_custom_site_footer_above":"0","patiotime_single_page_site_footer_hide_instagram":"","patiotime_single_page_site_footer_hide_bottom":"","patiotime_single_custom_mobile_menu_source":"","patiotime_single_custom_mobile_menu":"0","patiotime_single_custom_mobile_menu_animation":"","patiotime_single_custom_mobile_menu_width":"","patiotime_single_custom_mobile_menu_custom_width":375,"footnotes":""},"class_list":["post-6634","page","type-page","status-publish","hentry"],"yoast_head":"<!-- This site is optimized with the Yoast SEO plugin v27.5 - https:\/\/yoast.com\/product\/yoast-seo-wordpress\/ -->\n<title>Cookies - Tower Severn\u00e1 Ve\u017ea<\/title>\n<meta name=\"robots\" content=\"index, follow, max-snippet:-1, max-image-preview:large, max-video-preview:-1\" \/>\n<link rel=\"canonical\" href=\"https:\/\/towersevernaveza.sk\/en\/cookies\/\" \/>\n<meta property=\"og:locale\" content=\"en_US\" \/>\n<meta property=\"og:type\" content=\"article\" \/>\n<meta property=\"og:title\" content=\"Cookies - Tower Severn\u00e1 Ve\u017ea\" \/>\n<meta property=\"og:description\" content=\"Spr\u00e1va nastaven\u00ed s\u00faborov cookie Plat\u00ed od: 6.12. 2025 Naposledy zmenen\u00e9: 6.12. 2025 \u010co s\u00fa to s\u00fabory cookie? Tieto z\u00e1sady pou\u017e\u00edvania s\u00faborov cookie vysvet\u013euj\u00fa, \u010do s\u00fa s\u00fabory cookie a ako ich pou\u017e\u00edvame, ak\u00e9 typy s\u00faborov cookie pou\u017e\u00edvame, t. j. ak\u00e9 inform\u00e1cie zhroma\u017e\u010fujeme pomocou s\u00faborov cookie a ako sa tieto inform\u00e1cie pou\u017e\u00edvaj\u00fa, a ako spravova\u0165 nastavenia s\u00faborov ...\" \/>\n<meta property=\"og:url\" content=\"https:\/\/towersevernaveza.sk\/en\/cookies\/\" \/>\n<meta property=\"og:site_name\" content=\"Tower Severn\u00e1 Ve\u017ea\" \/>\n<meta property=\"article:publisher\" content=\"https:\/\/www.facebook.com\/severnavezatrnava\/\" \/>\n<meta property=\"article:modified_time\" content=\"2025-12-09T21:42:26+00:00\" \/>\n<meta name=\"twitter:card\" content=\"summary_large_image\" \/>\n<meta name=\"twitter:label1\" content=\"Est. reading time\" \/>\n\t<meta name=\"twitter:data1\" content=\"2 minutes\" \/>\n<script type=\"application\/ld+json\" class=\"yoast-schema-graph\">{\"@context\":\"https:\\\/\\\/schema.org\",\"@graph\":[{\"@type\":\"WebPage\",\"@id\":\"https:\\\/\\\/towersevernaveza.sk\\\/cookies\\\/\",\"url\":\"https:\\\/\\\/towersevernaveza.sk\\\/cookies\\\/\",\"name\":\"Cookies - Tower Severn\u00e1 Ve\u017ea\",\"isPartOf\":{\"@id\":\"https:\\\/\\\/towersevernaveza.sk\\\/#website\"},\"datePublished\":\"2025-11-01T22:42:05+00:00\",\"dateModified\":\"2025-12-09T21:42:26+00:00\",\"breadcrumb\":{\"@id\":\"https:\\\/\\\/towersevernaveza.sk\\\/cookies\\\/#breadcrumb\"},\"inLanguage\":\"en-US\",\"potentialAction\":[{\"@type\":\"ReadAction\",\"target\":[\"https:\\\/\\\/towersevernaveza.sk\\\/cookies\\\/\"]}]},{\"@type\":\"BreadcrumbList\",\"@id\":\"https:\\\/\\\/towersevernaveza.sk\\\/cookies\\\/#breadcrumb\",\"itemListElement\":[{\"@type\":\"ListItem\",\"position\":1,\"name\":\"Domovsk\u00e1 str\u00e1nka\",\"item\":\"https:\\\/\\\/towersevernaveza.sk\\\/\"},{\"@type\":\"ListItem\",\"position\":2,\"name\":\"Cookies\"}]},{\"@type\":\"WebSite\",\"@id\":\"https:\\\/\\\/towersevernaveza.sk\\\/#website\",\"url\":\"https:\\\/\\\/towersevernaveza.sk\\\/\",\"name\":\"Tower Severn\u00e1 Ve\u017ea\",\"description\":\"\",\"publisher\":{\"@id\":\"https:\\\/\\\/towersevernaveza.sk\\\/#organization\"},\"potentialAction\":[{\"@type\":\"SearchAction\",\"target\":{\"@type\":\"EntryPoint\",\"urlTemplate\":\"https:\\\/\\\/towersevernaveza.sk\\\/?s={search_term_string}\"},\"query-input\":{\"@type\":\"PropertyValueSpecification\",\"valueRequired\":true,\"valueName\":\"search_term_string\"}}],\"inLanguage\":\"en-US\"},{\"@type\":\"Organization\",\"@id\":\"https:\\\/\\\/towersevernaveza.sk\\\/#organization\",\"name\":\"Tower Severn\u00e1 Ve\u017ea\",\"url\":\"https:\\\/\\\/towersevernaveza.sk\\\/\",\"logo\":{\"@type\":\"ImageObject\",\"inLanguage\":\"en-US\",\"@id\":\"https:\\\/\\\/towersevernaveza.sk\\\/#\\\/schema\\\/logo\\\/image\\\/\",\"url\":\"https:\\\/\\\/towersevernaveza.sk\\\/wp-content\\\/uploads\\\/logo-cierne.webp\",\"contentUrl\":\"https:\\\/\\\/towersevernaveza.sk\\\/wp-content\\\/uploads\\\/logo-cierne.webp\",\"width\":800,\"height\":470,\"caption\":\"Tower Severn\u00e1 Ve\u017ea\"},\"image\":{\"@id\":\"https:\\\/\\\/towersevernaveza.sk\\\/#\\\/schema\\\/logo\\\/image\\\/\"},\"sameAs\":[\"https:\\\/\\\/www.facebook.com\\\/severnavezatrnava\\\/\",\"https:\\\/\\\/www.instagram.com\\\/tower_severnaveza\\\/\"]}]}<\/script>\n<!-- \/ Yoast SEO plugin. -->","yoast_head_json":{"title":"Cookies - Tower Severn\u00e1 Ve\u017ea","robots":{"index":"index","follow":"follow","max-snippet":"max-snippet:-1","max-image-preview":"max-image-preview:large","max-video-preview":"max-video-preview:-1"},"canonical":"https:\/\/towersevernaveza.sk\/en\/cookies\/","og_locale":"en_US","og_type":"article","og_title":"Cookies - Tower Severn\u00e1 Ve\u017ea","og_description":"Spr\u00e1va nastaven\u00ed s\u00faborov cookie Plat\u00ed od: 6.12. 2025 Naposledy zmenen\u00e9: 6.12. 2025 \u010co s\u00fa to s\u00fabory cookie? Tieto z\u00e1sady pou\u017e\u00edvania s\u00faborov cookie vysvet\u013euj\u00fa, \u010do s\u00fa s\u00fabory cookie a ako ich pou\u017e\u00edvame, ak\u00e9 typy s\u00faborov cookie pou\u017e\u00edvame, t. j. ak\u00e9 inform\u00e1cie zhroma\u017e\u010fujeme pomocou s\u00faborov cookie a ako sa tieto inform\u00e1cie pou\u017e\u00edvaj\u00fa, a ako spravova\u0165 nastavenia s\u00faborov ...","og_url":"https:\/\/towersevernaveza.sk\/en\/cookies\/","og_site_name":"Tower Severn\u00e1 Ve\u017ea","article_publisher":"https:\/\/www.facebook.com\/severnavezatrnava\/","article_modified_time":"2025-12-09T21:42:26+00:00","twitter_card":"summary_large_image","twitter_misc":{"Est. reading time":"2 minutes"},"schema":{"@context":"https:\/\/schema.org","@graph":[{"@type":"WebPage","@id":"https:\/\/towersevernaveza.sk\/cookies\/","url":"https:\/\/towersevernaveza.sk\/cookies\/","name":"Cookies - Tower Severn\u00e1 Ve\u017ea","isPartOf":{"@id":"https:\/\/towersevernaveza.sk\/#website"},"datePublished":"2025-11-01T22:42:05+00:00","dateModified":"2025-12-09T21:42:26+00:00","breadcrumb":{"@id":"https:\/\/towersevernaveza.sk\/cookies\/#breadcrumb"},"inLanguage":"en-US","potentialAction":[{"@type":"ReadAction","target":["https:\/\/towersevernaveza.sk\/cookies\/"]}]},{"@type":"BreadcrumbList","@id":"https:\/\/towersevernaveza.sk\/cookies\/#breadcrumb","itemListElement":[{"@type":"ListItem","position":1,"name":"Domovsk\u00e1 str\u00e1nka","item":"https:\/\/towersevernaveza.sk\/"},{"@type":"ListItem","position":2,"name":"Cookies"}]},{"@type":"WebSite","@id":"https:\/\/towersevernaveza.sk\/#website","url":"https:\/\/towersevernaveza.sk\/","name":"Tower Severn\u00e1 Ve\u017ea","description":"","publisher":{"@id":"https:\/\/towersevernaveza.sk\/#organization"},"potentialAction":[{"@type":"SearchAction","target":{"@type":"EntryPoint","urlTemplate":"https:\/\/towersevernaveza.sk\/?s={search_term_string}"},"query-input":{"@type":"PropertyValueSpecification","valueRequired":true,"valueName":"search_term_string"}}],"inLanguage":"en-US"},{"@type":"Organization","@id":"https:\/\/towersevernaveza.sk\/#organization","name":"Tower Severn\u00e1 Ve\u017ea","url":"https:\/\/towersevernaveza.sk\/","logo":{"@type":"ImageObject","inLanguage":"en-US","@id":"https:\/\/towersevernaveza.sk\/#\/schema\/logo\/image\/","url":"https:\/\/towersevernaveza.sk\/wp-content\/uploads\/logo-cierne.webp","contentUrl":"https:\/\/towersevernaveza.sk\/wp-content\/uploads\/logo-cierne.webp","width":800,"height":470,"caption":"Tower Severn\u00e1 Ve\u017ea"},"image":{"@id":"https:\/\/towersevernaveza.sk\/#\/schema\/logo\/image\/"},"sameAs":["https:\/\/www.facebook.com\/severnavezatrnava\/","https:\/\/www.instagram.com\/tower_severnaveza\/"]}]}},"_links":{"self":[{"href":"https:\/\/towersevernaveza.sk\/en\/wp-json\/wp\/v2\/pages\/6634","targetHints":{"allow":["GET"]}}],"collection":[{"href":"https:\/\/towersevernaveza.sk\/en\/wp-json\/wp\/v2\/pages"}],"about":[{"href":"https:\/\/towersevernaveza.sk\/en\/wp-json\/wp\/v2\/types\/page"}],"author":[{"embeddable":true,"href":"https:\/\/towersevernaveza.sk\/en\/wp-json\/wp\/v2\/users\/1"}],"replies":[{"embeddable":true,"href":"https:\/\/towersevernaveza.sk\/en\/wp-json\/wp\/v2\/comments?post=6634"}],"version-history":[{"count":16,"href":"https:\/\/towersevernaveza.sk\/en\/wp-json\/wp\/v2\/pages\/6634\/revisions"}],"predecessor-version":[{"id":7103,"href":"https:\/\/towersevernaveza.sk\/en\/wp-json\/wp\/v2\/pages\/6634\/revisions\/7103"}],"wp:attachment":[{"href":"https:\/\/towersevernaveza.sk\/en\/wp-json\/wp\/v2\/media?parent=6634"}],"curies":[{"name":"wp","href":"https:\/\/api.w.org\/{rel}","templated":true}]}}